{"id":164,"date":"2023-01-19T15:22:41","date_gmt":"2023-01-19T15:22:41","guid":{"rendered":"https:\/\/marcoscreation.ch\/wordpress\/?page_id=164"},"modified":"2023-03-09T05:42:12","modified_gmt":"2023-03-09T05:42:12","slug":"ueber-mich","status":"publish","type":"page","link":"https:\/\/marcoscreation.ch\/?page_id=164","title":{"rendered":"\u00fcber mich"},"content":{"rendered":"\n<p><strong>Wer bin ich?<\/strong><\/p>\n\n\n\n<p><strong>Mein Name ist Marcus Tschopp:<\/strong><br>urechter K\u00fcssnachter, gelernter Autospengler, den (Un)Ruhestand geniessend, langj\u00e4hriger Fasn\u00e4chtler (immer mal wieder preisgekr\u00f6nt), oft unterwegs in den Wanderschuhen, auf den Langlaufskis oder mit dem Velo \u2013 Hauptsache in der Natur, Hobbyb\u00e4cker,  Kegler, T\u00fcftler mit Flair f\u00fcr Handwerkskunst, begeistert von der Arbeit mit Metall und Holz und Dingen, die nicht mehr gebraucht werden, Unterhalter, kreativ, lebensfroh und kontaktfreudig \u2013 K\u00fcnstlername Marco. Marcos Creation!<\/p>\n\n\n\n<figure class=\"wp-block-image size-full\"><img loading=\"lazy\" decoding=\"async\" width=\"913\" height=\"788\" src=\"https:\/\/marcoscreation.ch\/wp-content\/uploads\/2023\/01\/Portrait.jpg\" alt=\"\" class=\"wp-image-193\" srcset=\"https:\/\/marcoscreation.ch\/wp-content\/uploads\/2023\/01\/Portrait.jpg 913w, https:\/\/marcoscreation.ch\/wp-content\/uploads\/2023\/01\/Portrait-300x259.jpg 300w, https:\/\/marcoscreation.ch\/wp-content\/uploads\/2023\/01\/Portrait-768x663.jpg 768w\" sizes=\"auto, (max-width: 913px) 100vw, 913px\" \/><\/figure>\n","protected":false},"excerpt":{"rendered":"<p>Wer bin ich? Mein Name ist Marcus Tschopp:urechter K\u00fcssnachter, gelernter Autospengler, den (Un)Ruhestand geniessend, langj\u00e4hriger Fasn\u00e4chtler (immer mal wieder preisgekr\u00f6nt), oft unterwegs in den Wanderschuhen, auf den Langlaufskis oder mit dem Velo \u2013 Hauptsache in der Natur, Hobbyb\u00e4cker, Kegler, T\u00fcftler mit Flair f\u00fcr Handwerkskunst, begeistert von der Arbeit mit Metall und Holz und Dingen, die [&hellip;]<\/p>\n","protected":false},"author":1,"featured_media":0,"parent":0,"menu_order":0,"comment_status":"closed","ping_status":"closed","template":"","meta":{"_coblocks_attr":"","_coblocks_dimensions":"","_coblocks_responsive_height":"","_coblocks_accordion_ie_support":"","hide_page_title":"","footnotes":""},"class_list":["post-164","page","type-page","status-publish","hentry"],"_links":{"self":[{"href":"https:\/\/marcoscreation.ch\/index.php?rest_route=\/wp\/v2\/pages\/164","targetHints":{"allow":["GET"]}}],"collection":[{"href":"https:\/\/marcoscreation.ch\/index.php?rest_route=\/wp\/v2\/pages"}],"about":[{"href":"https:\/\/marcoscreation.ch\/index.php?rest_route=\/wp\/v2\/types\/page"}],"author":[{"embeddable":true,"href":"https:\/\/marcoscreation.ch\/index.php?rest_route=\/wp\/v2\/users\/1"}],"replies":[{"embeddable":true,"href":"https:\/\/marcoscreation.ch\/index.php?rest_route=%2Fwp%2Fv2%2Fcomments&post=164"}],"version-history":[{"count":11,"href":"https:\/\/marcoscreation.ch\/index.php?rest_route=\/wp\/v2\/pages\/164\/revisions"}],"predecessor-version":[{"id":678,"href":"https:\/\/marcoscreation.ch\/index.php?rest_route=\/wp\/v2\/pages\/164\/revisions\/678"}],"wp:attachment":[{"href":"https:\/\/marcoscreation.ch\/index.php?rest_route=%2Fwp%2Fv2%2Fmedia&parent=164"}],"curies":[{"name":"wp","href":"https:\/\/api.w.org\/{rel}","templated":true}]}}